{"id":70,"date":"2018-05-17T15:55:44","date_gmt":"2018-05-17T15:55:44","guid":{"rendered":"http:\/\/hotelinternational.mk\/?page_id=70"},"modified":"2023-05-25T20:50:59","modified_gmt":"2023-05-25T20:50:59","slug":"about","status":"publish","type":"page","link":"https:\/\/hotelinternational.mk\/sq\/about\/","title":{"rendered":"Rreth nesh"},"content":{"rendered":"<p>[et_pb_section bb_built=&#8221;1&#8243; admin_label=&#8221;Hero&#8221; background_color=&#8221;#1f1f1f&#8221; fullwidth=&#8221;on&#8221; disabled_on=&#8221;off|off|off&#8221; _builder_version=&#8221;3.0.77&#8243; parallax=&#8221;on&#8221; custom_padding=&#8221;|||&#8221; transparent_background=&#8221;on&#8221; next_background_color=&#8221;#ffffff&#8221;][et_pb_fullwidth_header title=&#8221;Rreth nesh&#8221; background_layout=&#8221;dark&#8221; text_orientation=&#8221;center&#8221; scroll_down_icon_color=&#8221;#ffffff&#8221; scroll_down_icon_size=&#8221;32px&#8221; background_overlay_color=&#8221;rgba(31,31,31,0.85)&#8221; _builder_version=&#8221;3.0.106&#8243; title_font=&#8221;Playfair Display||||&#8221; title_font_size=&#8221;72px&#8221; title_text_color=&#8221;#ffffff&#8221; title_line_height=&#8221;1.3em&#8221; title_line_height_last_edited=&#8221;off|desktop&#8221; content_font=&#8221;Montserrat||||&#8221; content_font_size=&#8221;19px&#8221; content_text_color=&#8221;#bfbfbf&#8221; content_line_height=&#8221;1.8em&#8221; subhead_font=&#8221;Montserrat||||&#8221; subhead_text_color=&#8221;#bebebe&#8221; subhead_line_height=&#8221;1.8em&#8221; background_image=&#8221;http:\/\/hotelinternational.mk\/wp-content\/uploads\/2018\/05\/headerfooter.jpg&#8221; parallax=&#8221;on&#8221; parallax_method=&#8221;on&#8221; custom_padding=&#8221;5%||5%|&#8221; animation_style=&#8221;zoom&#8221; animation_duration=&#8221;1500ms&#8221; animation_intensity_zoom=&#8221;4%&#8221; header_fullscreen=&#8221;off&#8221; header_scroll_down=&#8221;off&#8221; image_orientation=&#8221;center&#8221; content_orientation=&#8221;center&#8221; custom_button_two=&#8221;off&#8221; button_two_icon_placement=&#8221;right&#8221; custom_button_one=&#8221;off&#8221; button_one_icon_placement=&#8221;right&#8221; \/][\/et_pb_section][et_pb_section bb_built=&#8221;1&#8243; admin_label=&#8221;Our Story&#8221; background_color=&#8221;#ffffff&#8221; _builder_version=&#8221;3.0.77&#8243; background_position=&#8221;top_left&#8221; custom_padding=&#8221;100px|0px|100px|0px&#8221; collapsed=&#8221;off&#8221; prev_background_color=&#8221;#1f1f1f&#8221; next_background_color=&#8221;#1f1f1f&#8221;][et_pb_row custom_padding=&#8221;|||&#8221; custom_margin=&#8221;|||&#8221; padding_top_2=&#8221;60px&#8221; background_position_1=&#8221;top_left&#8221; background_position_2=&#8221;top_left&#8221; background_repeat_1=&#8221;no-repeat&#8221; background_repeat_2=&#8221;no-repeat&#8221; _builder_version=&#8221;3.0.77&#8243; background_size=&#8221;initial&#8221; background_position=&#8221;top_left&#8221; background_repeat=&#8221;repeat&#8221;][et_pb_column type=&#8221;1_2&#8243;][et_pb_image src=&#8221;http:\/\/hotelinternational.mk\/wp-content\/uploads\/2018\/05\/IMG_3655.jpg&#8221; always_center_on_mobile=&#8221;off&#8221; _builder_version=&#8221;3.0.106&#8243; animation_style=&#8221;slide&#8221; animation_direction=&#8221;right&#8221; animation_intensity_slide=&#8221;10%&#8221;]<\/p>\n<p>&nbsp;<\/p>\n<p>[\/et_pb_image][\/et_pb_column][et_pb_column type=&#8221;1_2&#8243;][et_pb_text disabled_on=&#8221;on|on|off&#8221; _builder_version=&#8221;3.0.106&#8243; text_font=&#8221;||||&#8221; text_text_color=&#8221;#1f1f1f&#8221; header_font=&#8221;Playfair Display||||&#8221; header_font_size=&#8221;48px&#8221; header_text_color=&#8221;#1f1f1f&#8221; header_line_height=&#8221;1.3em&#8221; background_size=&#8221;initial&#8221; background_position=&#8221;top_left&#8221; background_repeat=&#8221;repeat&#8221;]<\/p>\n<h1>Hotel International<\/h1>\n<p>[\/et_pb_text][et_pb_text _builder_version=&#8221;3.0.106&#8243; text_font=&#8221;Montserrat||||&#8221; text_font_size=&#8221;17px&#8221; text_text_color=&#8221;#939393&#8243; text_line_height=&#8221;1.8em&#8221; header_font=&#8221;||||&#8221; background_size=&#8221;initial&#8221; background_position=&#8221;top_left&#8221; background_repeat=&#8221;repeat&#8221; max_width=&#8221;700px&#8221; animation_style=&#8221;slide&#8221; animation_direction=&#8221;top&#8221; animation_intensity_slide=&#8221;4%&#8221; background_layout=&#8221;light&#8221;]<\/p>\n<p>Nen shpatet e maleve Petrino dhe Galicica, menjere pas Biljanini Izvorit te famshem, prej te cilit sipas legjendes u formua Liqeni i Ohrit, ne dalje te Bulevardit Turistichka qe te \u00e7on drejt plazheve me te bukura te bregut lindor eshte hoteli international.<br \/>\nNe nje ambient atraktiv,i ndertuar ne stil modern, Hotel International eshte vendi juaj ideal ne oher. 5 minuta larg nga liqeni dhe 15minuta larg nga qendra, Hotel International ofron kushte te mrekullueshme.<\/p>\n<p>Ka 35 dhoma elegante, prej te cilave 25 jane dyshe, 3 jane me tre shtreter dhe 6 apartamente. Te gjitha me kondicioner, internet dhe TV. Te gjitha me disponim per fjetje dhe mengjes qe sherbehet ne restorant special vetem per banoret e hotelit qe akomodohen ne hotel.<\/p>\n<p>[\/et_pb_text][\/et_pb_column][\/et_pb_row][et_pb_row custom_padding=&#8221;0|0px|0|0px&#8221; custom_margin=&#8221;|||&#8221; padding_top_2=&#8221;60px&#8221; background_position_1=&#8221;top_left&#8221; background_position_2=&#8221;top_left&#8221; background_repeat_1=&#8221;no-repeat&#8221; background_repeat_2=&#8221;no-repeat&#8221; _builder_version=&#8221;3.0.77&#8243; background_size=&#8221;initial&#8221; background_position=&#8221;top_left&#8221; background_repeat=&#8221;repeat&#8221;][et_pb_column type=&#8221;1_2&#8243;][et_pb_text _builder_version=&#8221;3.0.106&#8243; text_font=&#8221;Montserrat||||&#8221; text_font_size=&#8221;17px&#8221; text_text_color=&#8221;#939393&#8243; text_line_height=&#8221;1.8em&#8221; header_font=&#8221;||||&#8221; background_size=&#8221;initial&#8221; background_position=&#8221;top_left&#8221; background_repeat=&#8221;repeat&#8221; max_width=&#8221;700px&#8221; animation_style=&#8221;slide&#8221; animation_direction=&#8221;top&#8221; animation_intensity_slide=&#8221;4%&#8221; background_layout=&#8221;light&#8221;]<\/p>\n<p>Hoteli ka parking, te pajisur me mbikqyrje kamerash, terase te bukur me kafe bar, salle konferencash, fitnes, sauna, banje turke, xhakuzi dhe masazh.<br \/>\nPer keto dhe ofrime te tjera nga hoteli mund te merrni informacion nga recepsioni i hotelit i cili eshte i disponueshem 24 ore, ne numrin +389 46 55 11 66. Ketu ne do te ju informojme me mirsjellje per gjithcka qe ju intereson, per vizitimin e pamjeve te qytetit, per marrjen me qira te makinave, per marrjen me qira te bicikletave,apo servise tjera, ekskursione dhe informacion tjeter te rendesishem.<\/p>\n<h2>Ohrit &#8211; Nje perle e vertete e Ballkanit<\/h2>\n<p>Maqedonia, thelle ne zemren e Gadishullit Ballkanik,eshte thjeshte nje vend i vogel me bukuri te jashtezakonshme. Eshte vend i lashte dhe nje nder shtetet me pak te njohura ne Europe, qe ne nje menyre e ben kete shtet edhe me terheqes dhe misterioz.pa asnje dyshim, xhevahiret e tij me te shtrejnta, duke shendritur afer njera-tjetres jane qyteti i Ohrit dhe Liqeni i Ohrit.<\/p>\n<p>[\/et_pb_text][\/et_pb_column][et_pb_column type=&#8221;1_2&#8243;][et_pb_image src=&#8221;http:\/\/hotelinternational.mk\/wp-content\/uploads\/2018\/05\/Hotel-International-Night.jpg&#8221; always_center_on_mobile=&#8221;off&#8221; _builder_version=&#8221;3.0.106&#8243; animation_style=&#8221;slide&#8221; animation_direction=&#8221;right&#8221; animation_intensity_slide=&#8221;10%&#8221;]<\/p>\n<p>&nbsp;<\/p>\n<p>[\/et_pb_image][\/et_pb_column][\/et_pb_row][et_pb_row custom_padding=&#8221;30px|0px|27px|0px&#8221; custom_margin=&#8221;|||&#8221; padding_top_2=&#8221;60px&#8221; background_position_1=&#8221;top_left&#8221; background_position_2=&#8221;top_left&#8221; background_repeat_1=&#8221;no-repeat&#8221; background_repeat_2=&#8221;no-repeat&#8221; _builder_version=&#8221;3.0.77&#8243; background_size=&#8221;initial&#8221; background_position=&#8221;top_left&#8221; background_repeat=&#8221;repeat&#8221;][et_pb_column type=&#8221;4_4&#8243;][et_pb_text _builder_version=&#8221;3.0.106&#8243; text_font=&#8221;Montserrat||||&#8221; text_font_size=&#8221;17px&#8221; text_text_color=&#8221;#939393&#8243; text_line_height=&#8221;1.8em&#8221; header_font=&#8221;||||&#8221; background_size=&#8221;initial&#8221; background_position=&#8221;top_left&#8221; background_repeat=&#8221;repeat&#8221; animation_style=&#8221;slide&#8221; animation_direction=&#8221;top&#8221; animation_intensity_slide=&#8221;4%&#8221; background_layout=&#8221;light&#8221;]<\/p>\n<p>Ne vitin 1979, komiteti i UNESCO vendosi ta skalis Liqenin e Ohrit ne list\u00ebn e trash\u00ebgimis\u00eb bot\u00ebrore t\u00eb vlerave unike universale, sipas kritereve natyrore. Ne vitin 1980, ky mjedis i mbrojtur u zgjerua per te perfshire pjeset kulturale dhe historike te qytetit te Ohrit.<br \/>\nOhri eshte nje perle e vertete, nje nder vendet me te mrekullueshme dhe te ruajtura ne te gjithe Evropen. Ofron pafund pika interesi per turistet qe duan te udhetojne ne Ballkan dhe te eksplorojne Maqedonine. Eshte nje vend qe do tju qendroje gjithmone ne zemrat tuaja, dhe Hotel International eshte zgjedhja me e mire dhe e duhur per te perjetuar misterin dhe bukurine e Ohrit.<\/p>\n<p>[\/et_pb_text][\/et_pb_column][\/et_pb_row][\/et_pb_section][et_pb_section bb_built=&#8221;1&#8243; admin_label=&#8221;Fresh Ingredients&#8221; background_color=&#8221;#1f1f1f&#8221; _builder_version=&#8221;3.0.77&#8243; custom_padding=&#8221;100px|0px|100px|0px&#8221; prev_background_color=&#8221;#ffffff&#8221; next_background_color=&#8221;rgba(0,0,0,0.75)&#8221;][et_pb_row custom_width_px=&#8221;1774px&#8221; custom_padding=&#8221;27px|0px|27px|0px&#8221; _builder_version=&#8221;3.0.69&#8243; background_size=&#8221;initial&#8221; background_position=&#8221;top_left&#8221; background_repeat=&#8221;repeat&#8221;][et_pb_column type=&#8221;4_4&#8243;][et_pb_text background_layout=&#8221;dark&#8221; disabled_on=&#8221;on|on|off&#8221; _builder_version=&#8221;3.0.106&#8243; text_font=&#8221;||||&#8221; header_font=&#8221;Playfair Display||||&#8221; header_text_align=&#8221;center&#8221; header_font_size=&#8221;48px&#8221; header_line_height=&#8221;1.3em&#8221; background_size=&#8221;initial&#8221; background_position=&#8221;top_left&#8221; background_repeat=&#8221;repeat&#8221; module_alignment=&#8221;center&#8221;]<\/p>\n<h1><strong>Dhoma<br \/>\n<\/strong><\/h1>\n<p>[\/et_pb_text][et_pb_text _builder_version=&#8221;3.0.106&#8243; text_font=&#8221;Montserrat||||&#8221; text_font_size=&#8221;17px&#8221; text_text_color=&#8221;#939393&#8243; text_line_height=&#8221;1.8em&#8221; header_font=&#8221;||||&#8221; background_size=&#8221;initial&#8221; background_position=&#8221;top_left&#8221; background_repeat=&#8221;repeat&#8221; text_orientation=&#8221;center&#8221; max_width=&#8221;700px&#8221; module_alignment=&#8221;center&#8221; animation_style=&#8221;slide&#8221; animation_direction=&#8221;top&#8221; animation_intensity_slide=&#8221;4%&#8221; background_layout=&#8221;light&#8221;]<\/p>\n<p>Ne ofrojm\u00eb dhoma t\u00eb ndryshme p\u00ebr \u00e7do shije. T\u00eb gjith\u00eb kan\u00eb aj\u00ebr t\u00eb kondicionuar, internet, televizor. Me \u00e7do dhom\u00eb ju merrni parkim falas 24\/7. Sigurohuni q\u00eb t\u00eb merrni strehimin tuaj n\u00ebp\u00ebrmjet sistemit ton\u00eb t\u00eb rezervimit ose na kontaktoni p\u00ebrmes ndonj\u00eb nga formular\u00ebt e kontaktit t\u00eb disponuesh\u00ebm n\u00eb faqen ton\u00eb t\u00eb internetit.<span id=\"result_box\" class=\"\" lang=\"en\"><\/span><\/p>\n<p>[\/et_pb_text][\/et_pb_column][\/et_pb_row][et_pb_row admin_label=&#8221;Stats&#8221; _builder_version=&#8221;3.0.77&#8243; background_size=&#8221;initial&#8221; background_position=&#8221;top_left&#8221; background_repeat=&#8221;repeat&#8221;][et_pb_column type=&#8221;1_3&#8243;][et_pb_number_counter title=&#8221;Dhoma dyshe&#8221; number=&#8221;25&#8243; percent_sign=&#8221;off&#8221; background_layout=&#8221;dark&#8221; _builder_version=&#8221;3.0.106&#8243; title_font=&#8221;Montserrat|on||on|&#8221; title_font_size=&#8221;14px&#8221; title_letter_spacing=&#8221;2px&#8221; title_line_height=&#8221;2em&#8221; number_font=&#8221;Playfair Display||||&#8221; number_text_color=&#8221;#c39d63&#8243; background_size=&#8221;initial&#8221; background_position=&#8221;top_left&#8221; background_repeat=&#8221;repeat&#8221;]<\/p>\n<p>&nbsp;<\/p>\n<p>[\/et_pb_number_counter][\/et_pb_column][et_pb_column type=&#8221;1_3&#8243;][et_pb_number_counter title=&#8221;Dhoma treshe&#8221; number=&#8221;3&#8243; percent_sign=&#8221;off&#8221; background_layout=&#8221;dark&#8221; _builder_version=&#8221;3.0.106&#8243; title_font=&#8221;Montserrat|on||on|&#8221; title_font_size=&#8221;14px&#8221; title_letter_spacing=&#8221;2px&#8221; title_line_height=&#8221;2em&#8221; number_font=&#8221;Playfair Display||||&#8221; number_text_color=&#8221;#c39d63&#8243; background_size=&#8221;initial&#8221; background_position=&#8221;top_left&#8221; background_repeat=&#8221;repeat&#8221; locked=&#8221;off&#8221;]<\/p>\n<p>&nbsp;<\/p>\n<p>[\/et_pb_number_counter][\/et_pb_column][et_pb_column type=&#8221;1_3&#8243;][et_pb_number_counter title=&#8221;Apartamente&#8221; number=&#8221;6&#8243; percent_sign=&#8221;off&#8221; background_layout=&#8221;dark&#8221; _builder_version=&#8221;3.0.106&#8243; title_font=&#8221;Montserrat|on||on|&#8221; title_font_size=&#8221;14px&#8221; title_letter_spacing=&#8221;2px&#8221; title_line_height=&#8221;2em&#8221; number_font=&#8221;Playfair Display||||&#8221; number_text_color=&#8221;#c39d63&#8243; background_size=&#8221;initial&#8221; background_position=&#8221;top_left&#8221; background_repeat=&#8221;repeat&#8221; locked=&#8221;off&#8221;]<\/p>\n<p>&nbsp;<\/p>\n<p>[\/et_pb_number_counter][\/et_pb_column][\/et_pb_row][\/et_pb_section][et_pb_section bb_built=&#8221;1&#8243; admin_label=&#8221;Contact Us&#8221; background_color=&#8221;rgba(0,0,0,0.75)&#8221; _builder_version=&#8221;3.0.106&#8243; background_image=&#8221;http:\/\/hotelinternational.mk\/wp-content\/uploads\/2018\/05\/footer.jpg&#8221; background_position=&#8221;bottom_center&#8221; background_blend=&#8221;color&#8221; custom_padding=&#8221;100px|0px|100px|0px&#8221; collapsed=&#8221;off&#8221; prev_background_color=&#8221;#1f1f1f&#8221;][et_pb_row use_custom_width=&#8221;on&#8221; custom_width_px=&#8221;1280px&#8221; custom_padding=&#8221;|||&#8221; custom_margin=&#8221;|||&#8221; make_equal=&#8221;on&#8221; background_color_1=&#8221;#1f1f1f&#8221; background_color_2=&#8221;#1f1f1f&#8221; padding_top_1=&#8221;100px&#8221; padding_right_1=&#8221;5%&#8221; padding_bottom_1=&#8221;100px&#8221; padding_left_1=&#8221;5%&#8221; padding_top_2=&#8221;100px&#8221; padding_right_2=&#8221;5%&#8221; padding_bottom_2=&#8221;100px&#8221; padding_left_2=&#8221;5%&#8221; _builder_version=&#8221;3.0.77&#8243; background_size=&#8221;initial&#8221; background_position=&#8221;top_left&#8221; background_repeat=&#8221;repeat&#8221;][et_pb_column type=&#8221;1_2&#8243;][et_pb_text _builder_version=&#8221;3.0.106&#8243; text_font=&#8221;Playfair Display||||&#8221; text_font_size=&#8221;30px&#8221; text_text_color=&#8221;#ffffff&#8221; text_line_height=&#8221;1.3em&#8221; background_size=&#8221;initial&#8221; background_position=&#8221;top_left&#8221; background_repeat=&#8221;repeat&#8221; text_orientation=&#8221;center&#8221; max_width=&#8221;400px&#8221; module_alignment=&#8221;center&#8221; custom_padding=&#8221;||30px|&#8221; background_layout=&#8221;light&#8221;]<\/p>\n<p>Orari i Pun\u00ebs<\/p>\n<p>[\/et_pb_text][et_pb_text _builder_version=&#8221;3.0.106&#8243; text_font=&#8221;Montserrat||||&#8221; text_font_size=&#8221;15px&#8221; text_text_color=&#8221;#ffffff&#8221; text_letter_spacing=&#8221;1px&#8221; text_line_height=&#8221;1.9em&#8221; background_size=&#8221;initial&#8221; background_position=&#8221;top_left&#8221; background_repeat=&#8221;repeat&#8221; text_orientation=&#8221;center&#8221; module_alignment=&#8221;center&#8221; custom_margin=&#8221;12px||12px|&#8221; animation_style=&#8221;zoom&#8221; animation_intensity_zoom=&#8221;20%&#8221;]<\/p>\n<p><b>24\/7<\/b><\/p>\n<p>[\/et_pb_text][et_pb_divider color=&#8221;#c39d63&#8243; show_divider=&#8221;on&#8221; divider_weight=&#8221;2px&#8221; height=&#8221;2px&#8221; disabled_on=&#8221;on|on|off&#8221; _builder_version=&#8221;3.0.106&#8243; max_width=&#8221;400px&#8221; module_alignment=&#8221;center&#8221; custom_margin=&#8221;||0px|&#8221; custom_padding=&#8221;|||&#8221; animation_style=&#8221;zoom&#8221; animation_intensity_zoom=&#8221;20%&#8221; locked=&#8221;off&#8221;]<\/p>\n<p>&nbsp;<\/p>\n<p>[\/et_pb_divider][et_pb_button button_url=&#8221;http:\/\/hotelinternational.mk\/&#8221; button_text=&#8221;Rezervoni Tani&#8221; button_alignment=&#8221;center&#8221; disabled_on=&#8221;off|off|off&#8221; _builder_version=&#8221;3.0.106&#8243; custom_margin=&#8221;5%||80px|&#8221; custom_button=&#8221;on&#8221; button_text_size=&#8221;15px&#8221; button_text_color=&#8221;#ffffff&#8221; button_bg_color=&#8221;#c39d63&#8243; button_border_color=&#8221;#c39d63&#8243; button_border_radius=&#8221;0px&#8221; button_letter_spacing=&#8221;2px&#8221; button_font=&#8221;Montserrat|||on|&#8221; button_use_icon=&#8221;off&#8221; button_border_radius_hover=&#8221;0px&#8221; button_letter_spacing_hover=&#8221;2px&#8221; locked=&#8221;off&#8221; url_new_window=&#8221;off&#8221; background_layout=&#8221;light&#8221; button_icon_placement=&#8221;right&#8221;]<\/p>\n<p>&nbsp;<\/p>\n<p>[\/et_pb_button][\/et_pb_column][et_pb_column type=&#8221;1_2&#8243;][et_pb_text _builder_version=&#8221;3.0.106&#8243; text_font=&#8221;Playfair Display||||&#8221; text_font_size=&#8221;30px&#8221; text_text_color=&#8221;#ffffff&#8221; text_line_height=&#8221;1.3em&#8221; background_size=&#8221;initial&#8221; background_position=&#8221;top_left&#8221; background_repeat=&#8221;repeat&#8221; text_orientation=&#8221;center&#8221; max_width=&#8221;400px&#8221; module_alignment=&#8221;center&#8221; custom_padding=&#8221;||30px|&#8221; background_layout=&#8221;light&#8221;]<\/p>\n<p>Kontakt<\/p>\n<p>[\/et_pb_text][et_pb_text background_layout=&#8221;dark&#8221; _builder_version=&#8221;3.0.106&#8243; text_font=&#8221;Montserrat||||&#8221; text_font_size=&#8221;17px&#8221; text_text_color=&#8221;rgba(255,255,255,0.8)&#8221; text_line_height=&#8221;1.8em&#8221; header_font_size=&#8221;24px&#8221; text_orientation=&#8221;center&#8221;]<\/p>\n<p>P\u00ebr pyetje dhe informacione shtes\u00eb na kontaktoni.<\/p>\n<p>[\/et_pb_text][et_pb_button button_url=&#8221;http:\/\/hotelinternational.mk\/contact\/&#8221; button_text=&#8221;Kontakt&#8221; button_alignment=&#8221;center&#8221; disabled_on=&#8221;off|off|off&#8221; _builder_version=&#8221;3.0.106&#8243; custom_margin=&#8221;||80px|&#8221; custom_button=&#8221;on&#8221; button_text_size=&#8221;15px&#8221; button_text_color=&#8221;#ffffff&#8221; button_bg_color=&#8221;#c39d63&#8243; button_border_color=&#8221;#c39d63&#8243; button_border_radius=&#8221;0px&#8221; button_letter_spacing=&#8221;2px&#8221; button_font=&#8221;Montserrat|||on|&#8221; button_use_icon=&#8221;off&#8221; button_border_radius_hover=&#8221;0px&#8221; button_letter_spacing_hover=&#8221;2px&#8221; locked=&#8221;off&#8221; url_new_window=&#8221;off&#8221; background_layout=&#8221;light&#8221; button_icon_placement=&#8221;right&#8221;]<\/p>\n<p>&nbsp;<\/p>\n<p>[\/et_pb_button][\/et_pb_column][\/et_pb_row][\/et_pb_section]<\/p>\n","protected":false},"excerpt":{"rendered":"<p>&#8230;<\/p>\n","protected":false},"author":1,"featured_media":0,"parent":0,"menu_order":0,"comment_status":"closed","ping_status":"closed","template":"","meta":{"footnotes":""},"class_list":["post-70","page","type-page","status-publish","hentry"],"_links":{"self":[{"href":"https:\/\/hotelinternational.mk\/sq\/wp-json\/wp\/v2\/pages\/70","targetHints":{"allow":["GET"]}}],"collection":[{"href":"https:\/\/hotelinternational.mk\/sq\/wp-json\/wp\/v2\/pages"}],"about":[{"href":"https:\/\/hotelinternational.mk\/sq\/wp-json\/wp\/v2\/types\/page"}],"author":[{"embeddable":true,"href":"https:\/\/hotelinternational.mk\/sq\/wp-json\/wp\/v2\/users\/1"}],"replies":[{"embeddable":true,"href":"https:\/\/hotelinternational.mk\/sq\/wp-json\/wp\/v2\/comments?post=70"}],"version-history":[{"count":64,"href":"https:\/\/hotelinternational.mk\/sq\/wp-json\/wp\/v2\/pages\/70\/revisions"}],"predecessor-version":[{"id":983,"href":"https:\/\/hotelinternational.mk\/sq\/wp-json\/wp\/v2\/pages\/70\/revisions\/983"}],"wp:attachment":[{"href":"https:\/\/hotelinternational.mk\/sq\/wp-json\/wp\/v2\/media?parent=70"}],"curies":[{"name":"wp","href":"https:\/\/api.w.org\/{rel}","templated":true}]}}